{"id":101,"date":"2023-10-17T15:50:07","date_gmt":"2023-10-17T15:50:07","guid":{"rendered":"https:\/\/prohealth-wp.laralink.com\/?page_id=101"},"modified":"2026-05-09T15:30:34","modified_gmt":"2026-05-09T15:30:34","slug":"contact","status":"publish","type":"page","link":"https:\/\/smiscan.com\/en\/contact\/","title":{"rendered":"Contact"},"content":{"rendered":"<div data-elementor-type=\"wp-page\" data-elementor-id=\"101\" class=\"elementor elementor-101\">\n\t\t\t\t<div class=\"elementor-element elementor-element-0a8e232 e-con-full e-flex e-con e-parent\" data-id=\"0a8e232\" data-element_type=\"container\" data-e-type=\"container\">\n\t\t\t\t<div class=\"elementor-element elementor-element-19794c5 elementor-widget elementor-widget-page-banner\" data-id=\"19794c5\" data-element_type=\"widget\" data-e-type=\"widget\" data-widget_type=\"page-banner.default\">\n\t\t\t\t<div class=\"elementor-widget-container\">\n\t\t\t\t\t\r\n        \r\n        <!-- Start Banner  -->\r\n        <section class=\"cs_banner cs_style_5 cs_bg_filed\" data-src=\"https:\/\/smiscan.com\/wp-content\/uploads\/2026\/04\/Vector.png\">\r\n                  <div class=\"cs_banner_img\">\r\n            <img decoding=\"async\" src=\"https:\/\/smiscan.com\/wp-content\/uploads\/2026\/04\/Contact-page-banner-scaled.png\" alt=\"\">\r\n          <\/div>\r\n                  <div class=\"container\">\r\n            <div class=\"cs_banner_text\">\r\n                <h2 class=\"cs_banner_title cs_fs_72\">Contact Us\n<\/h2> \r\n                            <p class=\"cs_banner_subtitle cs_fs_20 mb-0 cs_heading_color\">Kindly reach us to get the fastest response and counseling\n\n<\/p>\r\n                        <\/div>\r\n          <\/div>\r\n        <\/section>\r\n        <!-- End Banner  -->\r\n\r\n        \r\n    \t\t\t\t<\/div>\n\t\t\t\t<\/div>\n\t\t\t\t<\/div>\n\t\t<div class=\"elementor-element elementor-element-2896c21 e-con-full contact-info-sec e-flex e-con e-parent\" data-id=\"2896c21\" data-element_type=\"container\" data-e-type=\"container\">\n\t\t\t\t<div class=\"elementor-element elementor-element-cbfe0d2 elementor-widget elementor-widget-contact-info\" data-id=\"cbfe0d2\" data-element_type=\"widget\" data-e-type=\"widget\" data-widget_type=\"contact-info.default\">\n\t\t\t\t<div class=\"elementor-widget-container\">\n\t\t\t\t\t\r\n        <!-- Start Contact Section -->\r\n        <section>\r\n          <div class=\"container cs_mt_minus_110\">\r\n            <div class=\"row\">\r\n                          <div class=\"col-lg-10 offset-lg-1\">\r\n\r\n                    \n<div class=\"wpcf7 no-js\" id=\"wpcf7-f47-o1\" lang=\"en-US\" dir=\"ltr\" data-wpcf7-id=\"47\">\n<div class=\"screen-reader-response\"><p role=\"status\" aria-live=\"polite\" aria-atomic=\"true\"><\/p> <ul><\/ul><\/div>\n<form action=\"\/en\/wp-json\/wp\/v2\/pages\/101#wpcf7-f47-o1\" method=\"post\" class=\"wpcf7-form init\" aria-label=\"Contact form\" novalidate=\"novalidate\" data-status=\"init\" data-trp-original-action=\"\/en\/wp-json\/wp\/v2\/pages\/101#wpcf7-f47-o1\">\n<fieldset class=\"hidden-fields-container\"><input type=\"hidden\" name=\"_wpcf7\" value=\"47\" \/><input type=\"hidden\" name=\"_wpcf7_version\" value=\"6.1.5\" \/><input type=\"hidden\" name=\"_wpcf7_locale\" value=\"en_US\" \/><input type=\"hidden\" name=\"_wpcf7_unit_tag\" value=\"wpcf7-f47-o1\" \/><input type=\"hidden\" name=\"_wpcf7_container_post\" value=\"0\" \/><input type=\"hidden\" name=\"_wpcf7_posted_data_hash\" value=\"\" \/>\n<\/fieldset>\n<div class=\"cs_contact_form cs_style_1 cs_white_bg cs_radius_30\">\n                  <div class=\"row\">\n<div class=\"col-lg-6\">\n              <label class=\"cs_input_label cs_heading_color\">Name<\/label>\n           <span class=\"wpcf7-form-control-wrap\" data-name=\"your-name\"><input size=\"40\" maxlength=\"400\" class=\"wpcf7-form-control wpcf7-text wpcf7-validates-as-required cs_form_field\" aria-required=\"true\" aria-invalid=\"false\" placeholder=\"David John\" value=\"\" type=\"text\" name=\"your-name\" \/><\/span>\n              <div class=\"cs_height_42 cs_height_xl_25\"><\/div>\n            <\/div>\n            <div class=\"col-lg-6\">\n              <label class=\"cs_input_label cs_heading_color\">Email<\/label>\n               <span class=\"wpcf7-form-control-wrap\" data-name=\"email\"><input size=\"40\" maxlength=\"400\" class=\"wpcf7-form-control wpcf7-email wpcf7-validates-as-required wpcf7-text wpcf7-validates-as-email cs_form_field\" aria-required=\"true\" aria-invalid=\"false\" placeholder=\"example@gmail.com\" value=\"\" type=\"email\" name=\"email\" \/><\/span>\n              <div class=\"cs_height_42 cs_height_xl_25\"><\/div>\n            <\/div>\n            <div class=\"col-lg-12\">\n              <label class=\"cs_input_label cs_heading_color\">Subject<\/label>\n               <span class=\"wpcf7-form-control-wrap\" data-name=\"subject\"><input size=\"40\" maxlength=\"400\" class=\"wpcf7-form-control wpcf7-text wpcf7-validates-as-required cs_form_field\" aria-required=\"true\" aria-invalid=\"false\" placeholder=\"Your subject\" value=\"\" type=\"text\" name=\"subject\" \/><\/span>\n              <div class=\"cs_height_42 cs_height_xl_25\"><\/div>\n            <\/div>\n            <div class=\"col-lg-12\">\n              <label class=\"cs_input_label cs_heading_color\">Message<\/label>\n               <span class=\"wpcf7-form-control-wrap\" data-name=\"message\"><textarea cols=\"30\" rows=\"10\" maxlength=\"2000\" class=\"wpcf7-form-control wpcf7-textarea wpcf7-validates-as-required cs_form_field\" aria-required=\"true\" aria-invalid=\"false\" placeholder=\"Write something...\" name=\"message\"><\/textarea><\/span>\n              <div class=\"cs_height_42 cs_height_xl_25\"><\/div>\n            <\/div>\n            <div class=\"col-lg-12 main-form-btn\">\n              <div class=\"cs_height_18\"><\/div>\n<input class=\"wpcf7-form-control wpcf7-submit has-spinner cs_btn cs_style_1\" type=\"submit\" value=\"Submit\" \/>\n<\/div>\n                  <\/div>\n                <\/div><div class=\"wpcf7-response-output\" aria-hidden=\"true\"><\/div>\n<input type=\"hidden\" name=\"trp-form-language\" value=\"en\"\/><\/form>\n<\/div>\n\r\n              <\/div>\r\n                          <\/div>\r\n            <div class=\"cs_height_200 cs_height_xl_150 cs_height_lg_100\"><\/div>\r\n                            <h2 class=\"cs_fs_72 mb-0\">Find Us Here<\/h2>\r\n                        <div class=\"cs_height_70 cs_height_lg_50\"><\/div>\r\n            <div class=\"row g-4 g-xl-3 g-xxl-5\">\r\n\r\n              \r\n              <div class=\"col-xl-4 contact-page-icon\">\r\n                <div class=\"cs_iconbox cs_style_11 cs_radius_25\">\r\n                  <div class=\"cs_iconbox_icon\">\r\n                    <img decoding=\"async\" src=\"\" alt=\"\">\r\n                  <\/div>\r\n                  <div class=\"cs_iconbox_right\">\r\n                    <h3 class=\"cs_iconbox_title cs_fs_24 mb-0\">Phone<\/h3>\r\n                    <p class=\"cs_iconbox_subtitle mb-0 cs_heading_color\"><a href=\"tel:+244 933078209\">+244 933078209<\/a><\/p>\r\n                  <\/div>\r\n                <\/div>\r\n              <\/div>\r\n              \r\n              <div class=\"col-xl-4 contact-page-icon\">\r\n                <div class=\"cs_iconbox cs_style_11 cs_radius_25\">\r\n                  <div class=\"cs_iconbox_icon\">\r\n                    <img decoding=\"async\" src=\"\" alt=\"\">\r\n                  <\/div>\r\n                  <div class=\"cs_iconbox_right\">\r\n                    <h3 class=\"cs_iconbox_title cs_fs_24 mb-0\">Email<\/h3>\r\n                    <p class=\"cs_iconbox_subtitle mb-0 cs_heading_color\"><a href=\"mailto:support@smiscan.com\">support@smiscan.com<\/a><\/p>\r\n                  <\/div>\r\n                <\/div>\r\n              <\/div>\r\n              \r\n              <div class=\"col-xl-4 contact-page-icon\">\r\n                <div class=\"cs_iconbox cs_style_11 cs_radius_25\">\r\n                  <div class=\"cs_iconbox_icon\">\r\n                    <img decoding=\"async\" src=\"\" alt=\"\">\r\n                  <\/div>\r\n                  <div class=\"cs_iconbox_right\">\r\n                    <h3 class=\"cs_iconbox_title cs_fs_24 mb-0\">Location<\/h3>\r\n                    <p class=\"cs_iconbox_subtitle mb-0 cs_heading_color\">Solu\u00e7\u00f5es M\u00e9dicas Inteligentes (SMI), Luanda, Angola<\/p>\r\n                  <\/div>\r\n                <\/div>\r\n              <\/div>\r\n            \r\n            <\/div>\r\n            <div class=\"cs_height_35\"><\/div>\r\n            <!-- Start Google Map -->\r\n                      <\/div>\r\n        <\/section>\r\n        <!-- End Contact Section -->\r\n        <div class=\"cs_height_200 cs_height_xl_150 cs_height_lg_110\"><\/div>\r\n\r\n    \t\t\t\t<\/div>\n\t\t\t\t<\/div>\n\t\t\t\t<\/div>\n\t\t\t\t<\/div>","protected":false},"excerpt":{"rendered":"<p>Contact Us Kindly reach us to get the fastest response and counseling Name Email Subject Message Find Us Here Telefone +244 933078209 E-mail support@smiscan.com Localiza\u00e7\u00e3o Solu\u00e7\u00f5es M\u00e9dicas Inteligentes (SMI), Luanda, Angola<\/p>","protected":false},"author":1,"featured_media":0,"parent":0,"menu_order":0,"comment_status":"closed","ping_status":"closed","template":"elementor_header_footer","meta":{"_acf_changed":false,"footnotes":""},"class_list":["post-101","page","type-page","status-publish","hentry"],"acf":[],"_links":{"self":[{"href":"https:\/\/smiscan.com\/en\/wp-json\/wp\/v2\/pages\/101","targetHints":{"allow":["GET"]}}],"collection":[{"href":"https:\/\/smiscan.com\/en\/wp-json\/wp\/v2\/pages"}],"about":[{"href":"https:\/\/smiscan.com\/en\/wp-json\/wp\/v2\/types\/page"}],"author":[{"embeddable":true,"href":"https:\/\/smiscan.com\/en\/wp-json\/wp\/v2\/users\/1"}],"replies":[{"embeddable":true,"href":"https:\/\/smiscan.com\/en\/wp-json\/wp\/v2\/comments?post=101"}],"version-history":[{"count":38,"href":"https:\/\/smiscan.com\/en\/wp-json\/wp\/v2\/pages\/101\/revisions"}],"predecessor-version":[{"id":2743,"href":"https:\/\/smiscan.com\/en\/wp-json\/wp\/v2\/pages\/101\/revisions\/2743"}],"wp:attachment":[{"href":"https:\/\/smiscan.com\/en\/wp-json\/wp\/v2\/media?parent=101"}],"curies":[{"name":"wp","href":"https:\/\/api.w.org\/{rel}","templated":true}]}}